{"id":3849,"date":"2025-08-26T07:48:11","date_gmt":"2025-08-26T07:48:11","guid":{"rendered":"https:\/\/credivel.pt\/marco-verissimo\/?page_id=3849"},"modified":"2025-09-10T20:09:31","modified_gmt":"2025-09-10T20:09:31","slug":"politica-de-cookies","status":"publish","type":"page","link":"https:\/\/credivel.pt\/marco-verissimo\/politica-de-cookies\/","title":{"rendered":"Pol\u00edtica de Cookies"},"content":{"rendered":"<div class=\"fusion-fullwidth fullwidth-box fusion-builder-row-1 fusion-flex-container nonhundred-percent-fullwidth non-hundred-percent-height-scrolling\" style=\"--awb-border-radius-top-left:0px;--awb-border-radius-top-right:0px;--awb-border-radius-bottom-right:0px;--awb-border-radius-bottom-left:0px;--awb-padding-top:58px;--awb-padding-right:114px;--awb-padding-left:114px;--awb-flex-wrap:wrap;\" ><div class=\"fusion-builder-row fusion-row fusion-flex-align-items-flex-start fusion-flex-content-wrap\" style=\"max-width:1528.8px;margin-left: calc(-4% \/ 2 );margin-right: calc(-4% \/ 2 );\"><div class=\"fusion-layout-column fusion_builder_column fusion-builder-column-0 fusion_builder_column_1_1 1_1 fusion-flex-column\" style=\"--awb-bg-blend:overlay;--awb-bg-size:cover;--awb-width-large:100%;--awb-margin-top-large:0px;--awb-spacing-right-large:1.92%;--awb-margin-bottom-large:0px;--awb-spacing-left-large:1.92%;--awb-width-medium:100%;--awb-spacing-right-medium:1.92%;--awb-spacing-left-medium:1.92%;--awb-width-small:100%;--awb-spacing-right-small:1.92%;--awb-spacing-left-small:1.92%;\"><div class=\"fusion-column-wrapper fusion-flex-justify-content-flex-start fusion-content-layout-column\"><div class=\"fusion-text fusion-text-1\" style=\"--awb-font-size:1rem;\"><p>O site https:\/\/credivel.pt\/marco-verissimo utiliza cookies para permitir melhorar o desempenho e experi\u00eancia de navega\u00e7\u00e3o do utilizador.<\/p>\n<div>\n<div class=\"et_pb_module et_pb_text et_pb_text_5 et_pb_text_align_left et_pb_bg_layout_light\">\n<div class=\"et_pb_text_inner\">\n<div class=\"et_pb_module et_pb_text et_pb_text_6 et_pb_text_align_left et_pb_bg_layout_light\">\n<div class=\"et_pb_text_inner\">\n<div class=\"et_pb_module et_pb_text et_pb_text_7 et_pb_text_align_left et_pb_bg_layout_light\">\n<div class=\"et_pb_text_inner\">\n<div class=\"et_pb_module et_pb_text et_pb_text_8 et_pb_text_align_left et_pb_bg_layout_light\">\n<div class=\"et_pb_text_inner\">\n<div class=\"et_pb_module et_pb_text et_pb_text_9 et_pb_text_align_left et_pb_bg_layout_light\">\n<div class=\"et_pb_text_inner\">\n<div class=\"et_pb_module et_pb_text et_pb_text_10 et_pb_text_align_left et_pb_bg_layout_light\">\n<div class=\"et_pb_text_inner\">\n<div class=\"et_pb_module et_pb_text et_pb_text_11 et_pb_text_align_left et_pb_bg_layout_light\">\n<div class=\"et_pb_text_inner\">\n<div class=\"et_pb_module et_pb_text et_pb_text_12 et_pb_text_align_left et_pb_bg_layout_light\">\n<div class=\"et_pb_text_inner\">\n<div class=\"et_pb_module et_pb_text et_pb_text_15 et_pb_text_align_left et_pb_bg_layout_light\">\n<div class=\"et_pb_module et_pb_text et_pb_text_1 et_pb_text_align_left et_pb_bg_layout_light\">\n<div class=\"et_pb_text_inner\">\n<p>Os cookies servem, por exemplo, para identificar o seu dispositivo de acesso ao site, o que \u00e9 \u00fatil para garantir o acesso a todas as \u00e1reas do site e para assegurar algumas funcionalidades em particular.<\/p>\n<\/div>\n<\/div>\n<div class=\"et_pb_module et_pb_text et_pb_text_2 et_pb_text_align_left et_pb_bg_layout_light\">\n<div class=\"et_pb_text_inner\">\n<div id=\"main-content\">\n<article id=\"post-1703\" class=\"post-1703 page type-page status-publish hentry\">\n<div class=\"entry-content\">\n<div class=\"et-l et-l--post\">\n<div class=\"et_builder_inner_content et_pb_gutters3\">\n<div class=\"et_pb_section et_pb_section_1 et_section_regular\">\n<div class=\"et_pb_row et_pb_row_1\">\n<div class=\"et_pb_column et_pb_column_4_4 et_pb_column_1 et_pb_css_mix_blend_mode_passthrough et-last-child\">\n<div class=\"et_pb_module et_pb_text et_pb_text_2 et_pb_text_align_left et_pb_bg_layout_light\">\n<div class=\"et_pb_text_inner\">\n<h4>O que s\u00e3o os cookies?<\/h4>\n<\/div>\n<\/div>\n<div class=\"et_pb_module et_pb_text et_pb_text_3 et_pb_text_align_left et_pb_bg_layout_light\">\n<div class=\"et_pb_text_inner\">Um cookie \u00e9 um pequeno ficheiro de texto que o nosso website armazena no seu computador ou dispositivo m\u00f3vel atrav\u00e9s do navegador (browser), e apenas ret\u00e9m a informa\u00e7\u00e3o relacionada com as suas prefer\u00eancias, sem nunca incluir os seus dados pessoais.<\/div>\n<\/div>\n<div class=\"et_pb_module et_pb_text et_pb_text_4 et_pb_text_align_left et_pb_bg_layout_light\">\n<div class=\"et_pb_text_inner\">\n<h4>Para que servem os cookies?<\/h4>\n<\/div>\n<\/div>\n<div class=\"et_pb_module et_pb_text et_pb_text_5 et_pb_text_align_left et_pb_bg_layout_light\">\n<div class=\"et_pb_text_inner\">\n<p>Os cookies servem para que o nosso site (www.credivel.pt\/marco-verissimo) saiba quais s\u00e3o as suas prefer\u00eancias e a\u00e7\u00f5es (login, idioma e outros par\u00e2metros do utilizador), permitindo assim uma navega\u00e7\u00e3o mais r\u00e1pida, simples e eficiente, eliminando assim a necessidade de ter que introduzir novamente as suas informa\u00e7\u00f5es.<\/p>\n<\/div>\n<\/div>\n<div class=\"et_pb_module et_pb_text et_pb_text_6 et_pb_text_align_left et_pb_bg_layout_light\">\n<div class=\"et_pb_text_inner\">\n<h4>Quais s\u00e3o os tipos de cookies que existem?<\/h4>\n<\/div>\n<\/div>\n<div class=\"et_pb_module et_pb_text et_pb_text_7 et_pb_text_align_left et_pb_bg_layout_light\">\n<div class=\"et_pb_text_inner\">\n<p>Os cookies utilizados no nosso site (www.credivel.pt\/marco-verissimo) est\u00e3o agrupados em diversas categorias:<\/p>\n<p><strong>\u2013 Cookies permanentes<\/strong><\/p>\n<p>Estes cookies ficam armazenados no browser dos seus equipamentos de acesso (PC, mobile e tablet) e s\u00e3o usados sempre que fizer uma visita ao nosso site (www.credivel.pt\/marco-verissimo).<\/p>\n<p><strong>\u2013 Cookies de sess\u00e3o<\/strong><\/p>\n<p>Os cookies tempor\u00e1rios permanecem no seu browser at\u00e9 sair do nosso site (www.credivel.pt\/marco-verissimo).<\/p>\n<\/div>\n<\/div>\n<div class=\"et_pb_module et_pb_text et_pb_text_8 et_pb_text_align_left et_pb_bg_layout_light\">\n<div class=\"et_pb_text_inner\">\n<h4>Como pode utilizar os cookies?<\/h4>\n<\/div>\n<\/div>\n<div class=\"et_pb_module et_pb_text et_pb_text_9 et_pb_text_align_left et_pb_bg_layout_light\">\n<div class=\"et_pb_text_inner\">\n<p>Os cookies utilizados no nosso website est\u00e3o agrupados nas seguintes categorias:<\/p>\n<p><strong>\u2013 Cookies de funcionalidade<\/strong><\/p>\n<p>Estes cookies ir\u00e3o guardar as suas prefer\u00eancias no que diz respeito \u00e0 utiliza\u00e7\u00e3o do site, para que n\u00e3o tenha que voltar a configurar o site cada vez que faz uma visita.<\/p>\n<p><strong>\u2013 Cookies essenciais<\/strong><\/p>\n<p>Estes cookies s\u00e3o necess\u00e1rios para que o site (www.credivel.pt\/marco-verissimo) funcione de forma est\u00e1vel e regular. Alguns cookies permitem que fa\u00e7a login na sua conta, adicione produtos ao seu carrinho de compras e pague de forma segura, detecte poss\u00edveis fraudes e execute verifica\u00e7\u00f5es de seguran\u00e7a (assim como outras situa\u00e7\u00f5es semelhantes). S\u00e3o fundamentais para o bom funcionamento do site (www.credivel.pt\/marco-verissimo).<\/p>\n<p><strong>\u2013 Cookies de publicidade<\/strong><\/p>\n<p>Estes cookies ir\u00e3o permitir que, assim como os nossos parceiros de publicidade, apresentar an\u00fancios e publicidade online quando visita o nosso site (www.credivel.pt\/marco-verissimo). Estas cookies registam a sua visita ao nosso site (www.credivel.pt\/marco-verissimo) e o conte\u00fado com que interagiu, e podem tamb\u00e9m ser utilizadas para calcular o n\u00famero de vezes que ir\u00e1 ver as nossas publicidades.<\/p>\n<p><strong>\u2013 Cookies anal\u00edticos<\/strong><\/p>\n<p>Estas cookies s\u00e3o utilizadas anonimamente para efeitos de cria\u00e7\u00e3o e an\u00e1lise de estat\u00edsticas, no sentido de melhorar o funcionamento do nosso site (www.credivel.pt\/marco-verissimo).<\/p>\n<p><strong>\u2013 Cookies de terceiros<\/strong><\/p>\n<p>Estas cookies ir\u00e3o medir o sucesso de aplica\u00e7\u00f5es e a efic\u00e1cia da publicidade de terceiros. Podem tamb\u00e9m ser utilizados no sentido de personalizar um widget com dados do utilizador.<\/p>\n<\/div>\n<\/div>\n<div class=\"et_pb_module et_pb_text et_pb_text_10 et_pb_text_align_left et_pb_bg_layout_light\">\n<div class=\"et_pb_text_inner\">\n<p>Para mais informa\u00e7\u00e3o poder\u00e1 consultar o seguinte link:<\/p>\n<p><a href=\"http:\/\/www.allaboutcookies.org\/\">All About Cookies<\/a><\/p>\n<\/div>\n<\/div>\n<\/div>\n<\/div>\n<\/div>\n<\/div>\n<\/div>\n<\/div>\n<\/article>\n<\/div>\n<footer class=\"et-l et-l--footer\">\n<div class=\"et_builder_inner_content et_pb_gutters3\">\n<div class=\"et_pb_section et_pb_section_0_tb_footer et_pb_with_background et_section_regular\">\n<div class=\"et_pb_row et_pb_row_0_tb_footer et_pb_row_4col\">\n<div class=\"et_pb_column et_pb_column_1_4 et_pb_column_0_tb_footer et_pb_css_mix_blend_mode_passthrough\">&nbsp;<\/div>\n<\/div>\n<\/div>\n<\/div>\n<\/footer>\n<\/div>\n<\/div>\n<\/div>\n<\/div>\n<\/div>\n<\/div>\n<\/div>\n<\/div>\n<\/div>\n<\/div>\n<\/div>\n<\/div>\n<\/div>\n<\/div>\n<\/div>\n<\/div>\n<\/div>\n<\/div>\n<\/div>\n<\/div>\n<\/div><\/div><\/div><\/div><\/div>\n","protected":false},"excerpt":{"rendered":"","protected":false},"author":1,"featured_media":0,"parent":0,"menu_order":0,"comment_status":"closed","ping_status":"open","template":"100-width.php","meta":{"_acf_changed":false,"footnotes":""},"class_list":["post-3849","page","type-page","status-publish","hentry"],"acf":[],"yoast_head":"<!-- This site is optimized with the Yoast SEO plugin v26.2 - https:\/\/yoast.com\/wordpress\/plugins\/seo\/ -->\n<title>Pol\u00edtica de Cookies - Marco Ver\u00edssimo: Gestor de Cr\u00e9dito na Cred\u00edvel<\/title>\n<meta name=\"robots\" content=\"index, follow, max-snippet:-1, max-image-preview:large, max-video-preview:-1\" \/>\n<link rel=\"canonical\" href=\"https:\/\/credivel.pt\/marco-verissimo\/politica-de-cookies\/\" \/>\n<meta property=\"og:locale\" content=\"pt_PT\" \/>\n<meta property=\"og:type\" content=\"article\" \/>\n<meta property=\"og:title\" content=\"Pol\u00edtica de Cookies - Marco Ver\u00edssimo: Gestor de Cr\u00e9dito na Cred\u00edvel\" \/>\n<meta property=\"og:url\" content=\"https:\/\/credivel.pt\/marco-verissimo\/politica-de-cookies\/\" \/>\n<meta property=\"og:site_name\" content=\"Marco Ver\u00edssimo: Gestor de Cr\u00e9dito na Cred\u00edvel\" \/>\n<meta property=\"article:modified_time\" content=\"2025-09-10T20:09:31+00:00\" \/>\n<meta name=\"twitter:card\" content=\"summary_large_image\" \/>\n<meta name=\"twitter:label1\" content=\"Tempo estimado de leitura\" \/>\n\t<meta name=\"twitter:data1\" content=\"15 minutos\" \/>\n<script type=\"application\/ld+json\" class=\"yoast-schema-graph\">{\"@context\":\"https:\/\/schema.org\",\"@graph\":[{\"@type\":\"WebPage\",\"@id\":\"https:\/\/credivel.pt\/marco-verissimo\/politica-de-cookies\/\",\"url\":\"https:\/\/credivel.pt\/marco-verissimo\/politica-de-cookies\/\",\"name\":\"Pol\u00edtica de Cookies - Marco Ver\u00edssimo: Gestor de Cr\u00e9dito na Cred\u00edvel\",\"isPartOf\":{\"@id\":\"https:\/\/credivel.pt\/marco-verissimo\/#website\"},\"datePublished\":\"2025-08-26T07:48:11+00:00\",\"dateModified\":\"2025-09-10T20:09:31+00:00\",\"breadcrumb\":{\"@id\":\"https:\/\/credivel.pt\/marco-verissimo\/politica-de-cookies\/#breadcrumb\"},\"inLanguage\":\"pt-PT\",\"potentialAction\":[{\"@type\":\"ReadAction\",\"target\":[\"https:\/\/credivel.pt\/marco-verissimo\/politica-de-cookies\/\"]}]},{\"@type\":\"BreadcrumbList\",\"@id\":\"https:\/\/credivel.pt\/marco-verissimo\/politica-de-cookies\/#breadcrumb\",\"itemListElement\":[{\"@type\":\"ListItem\",\"position\":1,\"name\":\"In\u00edcio\",\"item\":\"https:\/\/credivel.pt\/marco-verissimo\/\"},{\"@type\":\"ListItem\",\"position\":2,\"name\":\"Pol\u00edtica de Cookies\"}]},{\"@type\":\"WebSite\",\"@id\":\"https:\/\/credivel.pt\/marco-verissimo\/#website\",\"url\":\"https:\/\/credivel.pt\/marco-verissimo\/\",\"name\":\"Carina Batista | Gestora de Cr\u00e9dito da Cred\u00edvel\",\"description\":\"Ajudamos fam\u00edlias e empresas a melhorarem as suas condi\u00e7\u00f5es de vida atrav\u00e9s da negocia\u00e7\u00e3o de cr\u00e9dito e seguros. Somos mais do que um Intermedi\u00e1rio de cr\u00e9dito, somos parte da sua fam\u00edlia e estaremos sempre a seu lado.\",\"potentialAction\":[{\"@type\":\"SearchAction\",\"target\":{\"@type\":\"EntryPoint\",\"urlTemplate\":\"https:\/\/credivel.pt\/marco-verissimo\/?s={search_term_string}\"},\"query-input\":{\"@type\":\"PropertyValueSpecification\",\"valueRequired\":true,\"valueName\":\"search_term_string\"}}],\"inLanguage\":\"pt-PT\"}]}<\/script>\n<!-- \/ Yoast SEO plugin. -->","yoast_head_json":{"title":"Pol\u00edtica de Cookies - Marco Ver\u00edssimo: Gestor de Cr\u00e9dito na Cred\u00edvel","robots":{"index":"index","follow":"follow","max-snippet":"max-snippet:-1","max-image-preview":"max-image-preview:large","max-video-preview":"max-video-preview:-1"},"canonical":"https:\/\/credivel.pt\/marco-verissimo\/politica-de-cookies\/","og_locale":"pt_PT","og_type":"article","og_title":"Pol\u00edtica de Cookies - Marco Ver\u00edssimo: Gestor de Cr\u00e9dito na Cred\u00edvel","og_url":"https:\/\/credivel.pt\/marco-verissimo\/politica-de-cookies\/","og_site_name":"Marco Ver\u00edssimo: Gestor de Cr\u00e9dito na Cred\u00edvel","article_modified_time":"2025-09-10T20:09:31+00:00","twitter_card":"summary_large_image","twitter_misc":{"Tempo estimado de leitura":"15 minutos"},"schema":{"@context":"https:\/\/schema.org","@graph":[{"@type":"WebPage","@id":"https:\/\/credivel.pt\/marco-verissimo\/politica-de-cookies\/","url":"https:\/\/credivel.pt\/marco-verissimo\/politica-de-cookies\/","name":"Pol\u00edtica de Cookies - Marco Ver\u00edssimo: Gestor de Cr\u00e9dito na Cred\u00edvel","isPartOf":{"@id":"https:\/\/credivel.pt\/marco-verissimo\/#website"},"datePublished":"2025-08-26T07:48:11+00:00","dateModified":"2025-09-10T20:09:31+00:00","breadcrumb":{"@id":"https:\/\/credivel.pt\/marco-verissimo\/politica-de-cookies\/#breadcrumb"},"inLanguage":"pt-PT","potentialAction":[{"@type":"ReadAction","target":["https:\/\/credivel.pt\/marco-verissimo\/politica-de-cookies\/"]}]},{"@type":"BreadcrumbList","@id":"https:\/\/credivel.pt\/marco-verissimo\/politica-de-cookies\/#breadcrumb","itemListElement":[{"@type":"ListItem","position":1,"name":"In\u00edcio","item":"https:\/\/credivel.pt\/marco-verissimo\/"},{"@type":"ListItem","position":2,"name":"Pol\u00edtica de Cookies"}]},{"@type":"WebSite","@id":"https:\/\/credivel.pt\/marco-verissimo\/#website","url":"https:\/\/credivel.pt\/marco-verissimo\/","name":"Carina Batista | Gestora de Cr\u00e9dito da Cred\u00edvel","description":"Ajudamos fam\u00edlias e empresas a melhorarem as suas condi\u00e7\u00f5es de vida atrav\u00e9s da negocia\u00e7\u00e3o de cr\u00e9dito e seguros. Somos mais do que um Intermedi\u00e1rio de cr\u00e9dito, somos parte da sua fam\u00edlia e estaremos sempre a seu lado.","potentialAction":[{"@type":"SearchAction","target":{"@type":"EntryPoint","urlTemplate":"https:\/\/credivel.pt\/marco-verissimo\/?s={search_term_string}"},"query-input":{"@type":"PropertyValueSpecification","valueRequired":true,"valueName":"search_term_string"}}],"inLanguage":"pt-PT"}]}},"_links":{"self":[{"href":"https:\/\/credivel.pt\/marco-verissimo\/wp-json\/wp\/v2\/pages\/3849","targetHints":{"allow":["GET"]}}],"collection":[{"href":"https:\/\/credivel.pt\/marco-verissimo\/wp-json\/wp\/v2\/pages"}],"about":[{"href":"https:\/\/credivel.pt\/marco-verissimo\/wp-json\/wp\/v2\/types\/page"}],"author":[{"embeddable":true,"href":"https:\/\/credivel.pt\/marco-verissimo\/wp-json\/wp\/v2\/users\/1"}],"replies":[{"embeddable":true,"href":"https:\/\/credivel.pt\/marco-verissimo\/wp-json\/wp\/v2\/comments?post=3849"}],"version-history":[{"count":5,"href":"https:\/\/credivel.pt\/marco-verissimo\/wp-json\/wp\/v2\/pages\/3849\/revisions"}],"predecessor-version":[{"id":24613,"href":"https:\/\/credivel.pt\/marco-verissimo\/wp-json\/wp\/v2\/pages\/3849\/revisions\/24613"}],"wp:attachment":[{"href":"https:\/\/credivel.pt\/marco-verissimo\/wp-json\/wp\/v2\/media?parent=3849"}],"curies":[{"name":"wp","href":"https:\/\/api.w.org\/{rel}","templated":true}]}}