{"id":24256,"date":"2025-09-02T22:48:50","date_gmt":"2025-09-02T22:48:50","guid":{"rendered":"https:\/\/credivel.pt\/marco-verissimo\/?page_id=24256"},"modified":"2025-09-02T22:50:00","modified_gmt":"2025-09-02T22:50:00","slug":"intermediario-de-credito-no0002663","status":"publish","type":"page","link":"https:\/\/credivel.pt\/marco-verissimo\/ldc\/intermediario-de-credito-no0002663\/","title":{"rendered":"Intermedi\u00e1rio de Cr\u00e9dito"},"content":{"rendered":"<div class=\"fusion-fullwidth fullwidth-box fusion-builder-row-1 fusion-flex-container has-pattern-background has-mask-background nonhundred-percent-fullwidth non-hundred-percent-height-scrolling\" style=\"--awb-border-radius-top-left:0px;--awb-border-radius-top-right:0px;--awb-border-radius-bottom-right:0px;--awb-border-radius-bottom-left:0px;--awb-padding-top:0px;--awb-padding-bottom:50px;--awb-background-color:var(--awb-color1);--awb-flex-wrap:wrap;\" ><div class=\"fusion-builder-row fusion-row fusion-flex-align-items-flex-start fusion-flex-content-wrap\" style=\"max-width:1528.8px;margin-left: calc(-4% \/ 2 );margin-right: calc(-4% \/ 2 );\"><div class=\"fusion-layout-column fusion_builder_column fusion-builder-column-0 fusion_builder_column_1_1 1_1 fusion-flex-column\" style=\"--awb-padding-right:60px;--awb-padding-left:30px;--awb-bg-size:cover;--awb-width-large:100%;--awb-margin-top-large:0px;--awb-spacing-right-large:1.92%;--awb-margin-bottom-large:0px;--awb-spacing-left-large:1.92%;--awb-width-medium:100%;--awb-order-medium:0;--awb-spacing-right-medium:1.92%;--awb-spacing-left-medium:1.92%;--awb-width-small:100%;--awb-order-small:0;--awb-spacing-right-small:1.92%;--awb-spacing-left-small:1.92%;\"><div class=\"fusion-column-wrapper fusion-column-has-shadow fusion-flex-justify-content-flex-start fusion-content-layout-column\"><div class=\"fusion-title title fusion-title-1 fusion-sep-none fusion-title-center fusion-title-text fusion-title-size-one\" style=\"--awb-text-color:var(--awb-color6);--awb-margin-bottom:30px;--awb-font-size:45px;\"><h1 class=\"fusion-title-heading title-heading-center fusion-responsive-typography-calculated\" style=\"margin:0;font-size:1em;--fontSize:45;line-height:var(--awb-typography1-line-height);\"><div style=\"text-align: center;\">\n<p>Informa\u00e7\u00e3o sobre o <span style=\"color: var(--awb-color5);\">Intermedi\u00e1rio de Cr\u00e9dito:<\/span><\/p>\n<\/div><\/h1><\/div><div class=\"fusion-text fusion-text-1 fusion-text-no-margin\" style=\"--awb-content-alignment:center;--awb-margin-right:40px;--awb-margin-bottom:30px;--awb-margin-left:40px;\"><p>Poder\u00e1s consultar abaixo e <a href=\"https:\/\/drive.google.com\/drive\/folders\/1d01Eeb0fq-sfds7q0Nydww4pm_7TRj-r\">aqui<\/a> todas as informa\u00e7\u00f5es sobre o Intermedi\u00e1rio de Cr\u00e9dito.<\/p>\n<p>Todas as informa\u00e7\u00f5es podem tamb\u00e9m ser consultadas em em <a href=\"https:\/\/www.bportugal.pt\/intermediariocreditofar\/credivel-intermediacao-de-credito-unipessoal-lda.\">https:\/\/www.bportugal.pt\/intermediariocreditofar\/credivel-intermediacao-de-credito-unipessoal-lda.<\/a><\/p>\n<p>A Cred\u00edvel \u2013 Intermedia\u00e7\u00e3o de Cr\u00e9dito, Unipessoal Lda, Intermedi\u00e1rio de Cr\u00e9dito Vinculado, com o registo n\u00ba 2663, autorizado pelo Banco de Portugal.<\/p>\n<\/div><div class=\"fusion-image-element \" style=\"text-align:center;--awb-max-width:650px;--awb-caption-title-font-family:var(--h2_typography-font-family);--awb-caption-title-font-weight:var(--h2_typography-font-weight);--awb-caption-title-font-style:var(--h2_typography-font-style);--awb-caption-title-size:var(--h2_typography-font-size);--awb-caption-title-transform:var(--h2_typography-text-transform);--awb-caption-title-line-height:var(--h2_typography-line-height);--awb-caption-title-letter-spacing:var(--h2_typography-letter-spacing);\"><span class=\" fusion-imageframe imageframe-none imageframe-1 hover-type-none\"><img decoding=\"async\" src=\"data:image\/gif;base64,R0lGODlhAQABAAAAACH5BAEKAAEALAAAAAABAAEAAAICTAEAOw==\" data-orig-src=\"https:\/\/test.credivel.pt\/marco-verissimo\/wp-content\/uploads\/sites\/4\/2025\/08\/INFORMACAO-AOS-CONSUMIDORES_Credivel-\u2013-Intermediacao-de-Credito-Unipessoal-Lda.png\" alt class=\"lazyload img-responsive wp-image-3618\"\/><\/span><\/div><\/div><\/div><\/div><\/div>\n","protected":false},"excerpt":{"rendered":"","protected":false},"author":1,"featured_media":0,"parent":24201,"menu_order":0,"comment_status":"closed","ping_status":"closed","template":"100-width.php","meta":{"_acf_changed":false,"footnotes":""},"class_list":["post-24256","page","type-page","status-publish","hentry"],"acf":[],"yoast_head":"<!-- This site is optimized with the Yoast SEO plugin v26.2 - https:\/\/yoast.com\/wordpress\/plugins\/seo\/ -->\n<title>Intermedi\u00e1rio de Cr\u00e9dito: Cred\u00edvel<\/title>\n<meta name=\"description\" content=\"A Cred\u00edvel \u00e9 um Intermedi\u00e1rio de Cr\u00e9dito Vinculado, com o registo n\u00ba 2663, autorizado pelo Banco de Portugal.\" \/>\n<meta name=\"robots\" content=\"index, follow, max-snippet:-1, max-image-preview:large, max-video-preview:-1\" \/>\n<link rel=\"canonical\" href=\"https:\/\/credivel.pt\/marco-verissimo\/ldc\/intermediario-de-credito-no0002663\/\" \/>\n<meta property=\"og:locale\" content=\"pt_PT\" \/>\n<meta property=\"og:type\" content=\"article\" \/>\n<meta property=\"og:title\" content=\"Intermedi\u00e1rio de Cr\u00e9dito: Cred\u00edvel\" \/>\n<meta property=\"og:description\" content=\"A Cred\u00edvel \u00e9 um Intermedi\u00e1rio de Cr\u00e9dito Vinculado, com o registo n\u00ba 2663, autorizado pelo Banco de Portugal.\" \/>\n<meta property=\"og:url\" content=\"https:\/\/credivel.pt\/marco-verissimo\/ldc\/intermediario-de-credito-no0002663\/\" \/>\n<meta property=\"og:site_name\" content=\"Marco Ver\u00edssimo: Gestor de Cr\u00e9dito na Cred\u00edvel\" \/>\n<meta property=\"article:modified_time\" content=\"2025-09-02T22:50:00+00:00\" \/>\n<meta name=\"twitter:card\" content=\"summary_large_image\" \/>\n<meta name=\"twitter:label1\" content=\"Tempo estimado de leitura\" \/>\n\t<meta name=\"twitter:data1\" content=\"1 minuto\" \/>\n<script type=\"application\/ld+json\" class=\"yoast-schema-graph\">{\"@context\":\"https:\/\/schema.org\",\"@graph\":[{\"@type\":\"WebPage\",\"@id\":\"https:\/\/credivel.pt\/marco-verissimo\/ldc\/intermediario-de-credito-no0002663\/\",\"url\":\"https:\/\/credivel.pt\/marco-verissimo\/ldc\/intermediario-de-credito-no0002663\/\",\"name\":\"Intermedi\u00e1rio de Cr\u00e9dito: Cred\u00edvel\",\"isPartOf\":{\"@id\":\"https:\/\/credivel.pt\/marco-verissimo\/#website\"},\"datePublished\":\"2025-09-02T22:48:50+00:00\",\"dateModified\":\"2025-09-02T22:50:00+00:00\",\"description\":\"A Cred\u00edvel \u00e9 um Intermedi\u00e1rio de Cr\u00e9dito Vinculado, com o registo n\u00ba 2663, autorizado pelo Banco de Portugal.\",\"breadcrumb\":{\"@id\":\"https:\/\/credivel.pt\/marco-verissimo\/ldc\/intermediario-de-credito-no0002663\/#breadcrumb\"},\"inLanguage\":\"pt-PT\",\"potentialAction\":[{\"@type\":\"ReadAction\",\"target\":[\"https:\/\/credivel.pt\/marco-verissimo\/ldc\/intermediario-de-credito-no0002663\/\"]}]},{\"@type\":\"BreadcrumbList\",\"@id\":\"https:\/\/credivel.pt\/marco-verissimo\/ldc\/intermediario-de-credito-no0002663\/#breadcrumb\",\"itemListElement\":[{\"@type\":\"ListItem\",\"position\":1,\"name\":\"In\u00edcio\",\"item\":\"https:\/\/credivel.pt\/marco-verissimo\/\"},{\"@type\":\"ListItem\",\"position\":2,\"name\":\"LDC\",\"item\":\"https:\/\/credivel.pt\/marco-verissimo\/ldc\/\"},{\"@type\":\"ListItem\",\"position\":3,\"name\":\"Intermedi\u00e1rio de Cr\u00e9dito\"}]},{\"@type\":\"WebSite\",\"@id\":\"https:\/\/credivel.pt\/marco-verissimo\/#website\",\"url\":\"https:\/\/credivel.pt\/marco-verissimo\/\",\"name\":\"Carina Batista | Gestora de Cr\u00e9dito da Cred\u00edvel\",\"description\":\"Ajudamos fam\u00edlias e empresas a melhorarem as suas condi\u00e7\u00f5es de vida atrav\u00e9s da negocia\u00e7\u00e3o de cr\u00e9dito e seguros. Somos mais do que um Intermedi\u00e1rio de cr\u00e9dito, somos parte da sua fam\u00edlia e estaremos sempre a seu lado.\",\"potentialAction\":[{\"@type\":\"SearchAction\",\"target\":{\"@type\":\"EntryPoint\",\"urlTemplate\":\"https:\/\/credivel.pt\/marco-verissimo\/?s={search_term_string}\"},\"query-input\":{\"@type\":\"PropertyValueSpecification\",\"valueRequired\":true,\"valueName\":\"search_term_string\"}}],\"inLanguage\":\"pt-PT\"}]}<\/script>\n<!-- \/ Yoast SEO plugin. -->","yoast_head_json":{"title":"Intermedi\u00e1rio de Cr\u00e9dito: Cred\u00edvel","description":"A Cred\u00edvel \u00e9 um Intermedi\u00e1rio de Cr\u00e9dito Vinculado, com o registo n\u00ba 2663, autorizado pelo Banco de Portugal.","robots":{"index":"index","follow":"follow","max-snippet":"max-snippet:-1","max-image-preview":"max-image-preview:large","max-video-preview":"max-video-preview:-1"},"canonical":"https:\/\/credivel.pt\/marco-verissimo\/ldc\/intermediario-de-credito-no0002663\/","og_locale":"pt_PT","og_type":"article","og_title":"Intermedi\u00e1rio de Cr\u00e9dito: Cred\u00edvel","og_description":"A Cred\u00edvel \u00e9 um Intermedi\u00e1rio de Cr\u00e9dito Vinculado, com o registo n\u00ba 2663, autorizado pelo Banco de Portugal.","og_url":"https:\/\/credivel.pt\/marco-verissimo\/ldc\/intermediario-de-credito-no0002663\/","og_site_name":"Marco Ver\u00edssimo: Gestor de Cr\u00e9dito na Cred\u00edvel","article_modified_time":"2025-09-02T22:50:00+00:00","twitter_card":"summary_large_image","twitter_misc":{"Tempo estimado de leitura":"1 minuto"},"schema":{"@context":"https:\/\/schema.org","@graph":[{"@type":"WebPage","@id":"https:\/\/credivel.pt\/marco-verissimo\/ldc\/intermediario-de-credito-no0002663\/","url":"https:\/\/credivel.pt\/marco-verissimo\/ldc\/intermediario-de-credito-no0002663\/","name":"Intermedi\u00e1rio de Cr\u00e9dito: Cred\u00edvel","isPartOf":{"@id":"https:\/\/credivel.pt\/marco-verissimo\/#website"},"datePublished":"2025-09-02T22:48:50+00:00","dateModified":"2025-09-02T22:50:00+00:00","description":"A Cred\u00edvel \u00e9 um Intermedi\u00e1rio de Cr\u00e9dito Vinculado, com o registo n\u00ba 2663, autorizado pelo Banco de Portugal.","breadcrumb":{"@id":"https:\/\/credivel.pt\/marco-verissimo\/ldc\/intermediario-de-credito-no0002663\/#breadcrumb"},"inLanguage":"pt-PT","potentialAction":[{"@type":"ReadAction","target":["https:\/\/credivel.pt\/marco-verissimo\/ldc\/intermediario-de-credito-no0002663\/"]}]},{"@type":"BreadcrumbList","@id":"https:\/\/credivel.pt\/marco-verissimo\/ldc\/intermediario-de-credito-no0002663\/#breadcrumb","itemListElement":[{"@type":"ListItem","position":1,"name":"In\u00edcio","item":"https:\/\/credivel.pt\/marco-verissimo\/"},{"@type":"ListItem","position":2,"name":"LDC","item":"https:\/\/credivel.pt\/marco-verissimo\/ldc\/"},{"@type":"ListItem","position":3,"name":"Intermedi\u00e1rio de Cr\u00e9dito"}]},{"@type":"WebSite","@id":"https:\/\/credivel.pt\/marco-verissimo\/#website","url":"https:\/\/credivel.pt\/marco-verissimo\/","name":"Carina Batista | Gestora de Cr\u00e9dito da Cred\u00edvel","description":"Ajudamos fam\u00edlias e empresas a melhorarem as suas condi\u00e7\u00f5es de vida atrav\u00e9s da negocia\u00e7\u00e3o de cr\u00e9dito e seguros. Somos mais do que um Intermedi\u00e1rio de cr\u00e9dito, somos parte da sua fam\u00edlia e estaremos sempre a seu lado.","potentialAction":[{"@type":"SearchAction","target":{"@type":"EntryPoint","urlTemplate":"https:\/\/credivel.pt\/marco-verissimo\/?s={search_term_string}"},"query-input":{"@type":"PropertyValueSpecification","valueRequired":true,"valueName":"search_term_string"}}],"inLanguage":"pt-PT"}]}},"_links":{"self":[{"href":"https:\/\/credivel.pt\/marco-verissimo\/wp-json\/wp\/v2\/pages\/24256","targetHints":{"allow":["GET"]}}],"collection":[{"href":"https:\/\/credivel.pt\/marco-verissimo\/wp-json\/wp\/v2\/pages"}],"about":[{"href":"https:\/\/credivel.pt\/marco-verissimo\/wp-json\/wp\/v2\/types\/page"}],"author":[{"embeddable":true,"href":"https:\/\/credivel.pt\/marco-verissimo\/wp-json\/wp\/v2\/users\/1"}],"replies":[{"embeddable":true,"href":"https:\/\/credivel.pt\/marco-verissimo\/wp-json\/wp\/v2\/comments?post=24256"}],"version-history":[{"count":1,"href":"https:\/\/credivel.pt\/marco-verissimo\/wp-json\/wp\/v2\/pages\/24256\/revisions"}],"predecessor-version":[{"id":24257,"href":"https:\/\/credivel.pt\/marco-verissimo\/wp-json\/wp\/v2\/pages\/24256\/revisions\/24257"}],"up":[{"embeddable":true,"href":"https:\/\/credivel.pt\/marco-verissimo\/wp-json\/wp\/v2\/pages\/24201"}],"wp:attachment":[{"href":"https:\/\/credivel.pt\/marco-verissimo\/wp-json\/wp\/v2\/media?parent=24256"}],"curies":[{"name":"wp","href":"https:\/\/api.w.org\/{rel}","templated":true}]}}